{"id":19,"date":"2024-09-24T21:45:59","date_gmt":"2024-09-24T21:45:59","guid":{"rendered":"https:\/\/verdol.com.ar\/2024\/?page_id=19"},"modified":"2024-10-23T11:31:46","modified_gmt":"2024-10-23T14:31:46","slug":"descargas","status":"publish","type":"page","link":"https:\/\/verdol.com.ar\/2024\/descargas\/","title":{"rendered":"Descargas"},"content":{"rendered":"<p>[et_pb_section fb_built=&#8221;1&#8243; fullwidth=&#8221;on&#8221; disabled_on=&#8221;off|on|on&#8221; admin_label=&#8221;Header Movil en pagina&#8221; _builder_version=&#8221;4.27.2&#8243; _module_preset=&#8221;default&#8221; z_index=&#8221;303&#8243; global_colors_info=&#8221;{}&#8221;][et_pb_fullwidth_header title=&#8221;DESCARGAS&#8221; text_orientation=&#8221;center&#8221; disabled_on=&#8221;off|on|on&#8221; _builder_version=&#8221;4.27.2&#8243; _module_preset=&#8221;default&#8221; title_font=&#8221;Montserrat|800|||||||&#8221; title_text_align=&#8221;center&#8221; title_font_size=&#8221;32px&#8221; title_line_height=&#8221;1.7em&#8221; content_font=&#8221;Montserrat|800|||||||&#8221; content_text_align=&#8221;center&#8221; content_font_size=&#8221;60px&#8221; subhead_font=&#8221;Montserrat|800|||||||&#8221; subhead_text_align=&#8221;center&#8221; subhead_font_size=&#8221;60px&#8221; background_color=&#8221;rgba(0,0,0,0.3)&#8221; background_image=&#8221;https:\/\/verdol.com.ar\/2024\/wp-content\/uploads\/2024\/09\/Productos-Header.jpeg&#8221; background_blend=&#8221;overlay&#8221; custom_button_one=&#8221;on&#8221; button_one_text_color=&#8221;#FFFFFF&#8221; button_one_bg_color=&#8221;#2F7C33&#8243; button_one_border_width=&#8221;0px&#8221; button_one_border_radius=&#8221;45px&#8221; button_one_font=&#8221;Montserrat|700|||||||&#8221; button_one_use_icon=&#8221;off&#8221; button_one_custom_margin=&#8221;210px||||false|false&#8221; button_one_custom_padding=&#8221;10px|50px|10px|50px|true|true&#8221; module_alignment=&#8221;center&#8221; custom_margin=&#8221;||||false|false&#8221; custom_padding=&#8221;||||false|false&#8221; hover_enabled=&#8221;0&#8243; global_colors_info=&#8221;{}&#8221; admin_label=&#8221;DESCARGAS&#8221; sticky_enabled=&#8221;0&#8243;][\/et_pb_fullwidth_header][\/et_pb_section][et_pb_section fb_built=&#8221;1&#8243; disabled_on=&#8221;off|on|on&#8221; _builder_version=&#8221;4.27.2&#8243; _module_preset=&#8221;default&#8221; background_color=&#8221;RGBA(255,255,255,0)&#8221; z_index=&#8221;500&#8243; custom_margin=&#8221;||||false|false&#8221; custom_padding=&#8221;||||false|false&#8221; collapsed=&#8221;off&#8221; global_colors_info=&#8221;{}&#8221;][et_pb_row column_structure=&#8221;1_3,1_3,1_3&#8243; make_equal=&#8221;on&#8221; _builder_version=&#8221;4.27.0&#8243; _module_preset=&#8221;default&#8221; background_color=&#8221;#e1e1e1&#8243; width=&#8221;100%&#8221; custom_padding=&#8221;50px|50px|10px|50px|false|false&#8221; global_colors_info=&#8221;{}&#8221;][et_pb_column type=&#8221;1_3&#8243; _builder_version=&#8221;4.27.0&#8243; _module_preset=&#8221;default&#8221; global_colors_info=&#8221;{}&#8221;][et_pb_text _builder_version=&#8221;4.27.2&#8243; _dynamic_attributes=&#8221;link_option_url&#8221; _module_preset=&#8221;default&#8221; text_font=&#8221;Montserrat|600|||||||&#8221; text_text_color=&#8221;#2F7C33&#8243; text_font_size=&#8221;20px&#8221; background_color=&#8221;#FFFFFF&#8221; min_height=&#8221;130px&#8221; height=&#8221;130px&#8221; max_height=&#8221;130px&#8221; custom_padding=&#8221;35px||20px|50px|false|false&#8221; link_option_url=&#8221;@ET-DC@eyJkeW5hbWljIjp0cnVlLCJjb250ZW50IjoicG9zdF9saW5rX3VybF9hdHRhY2htZW50Iiwic2V0dGluZ3MiOnsicG9zdF9pZCI6IjQ3MiJ9fQ==@&#8221; link_option_url_new_window=&#8221;on&#8221; hover_enabled=&#8221;0&#8243; custom_css_main_element=&#8221;align-items:center;&#8221; border_width_bottom=&#8221;10px&#8221; border_color_bottom=&#8221;#2F7C33&#8243; global_colors_info=&#8221;{}&#8221; admin_label=&#8221;Constancia de Inscripci\u00f3n AFIP (CUIT)&#8221; sticky_enabled=&#8221;0&#8243;]<\/p>\n<p><img loading=\"lazy\" decoding=\"async\" class=\"wp-image-389 alignleft size-full\" src=\"https:\/\/verdol.com.ar\/2024\/wp-content\/uploads\/2024\/10\/icon_descarga-grande-e1727792712585.png\" alt=\"\" width=\"55\" height=\"55\" \/>Constancia<br \/>de Inscripci\u00f3n<br \/>AFIP (CUIT)<\/p>\n<p>[\/et_pb_text][\/et_pb_column][et_pb_column type=&#8221;1_3&#8243; _builder_version=&#8221;4.27.0&#8243; _module_preset=&#8221;default&#8221; global_colors_info=&#8221;{}&#8221;][et_pb_text _builder_version=&#8221;4.27.2&#8243; _dynamic_attributes=&#8221;link_option_url&#8221; _module_preset=&#8221;default&#8221; text_font=&#8221;Montserrat|600|||||||&#8221; text_text_color=&#8221;#2F7C33&#8243; text_font_size=&#8221;18px&#8221; background_color=&#8221;#FFFFFF&#8221; min_height=&#8221;130px&#8221; height=&#8221;130px&#8221; max_height=&#8221;130px&#8221; custom_padding=&#8221;35px||20px|50px|false|false&#8221; link_option_url=&#8221;@ET-DC@eyJkeW5hbWljIjp0cnVlLCJjb250ZW50IjoicG9zdF9saW5rX3VybF9hdHRhY2htZW50Iiwic2V0dGluZ3MiOnsicG9zdF9pZCI6IjQ3MSJ9fQ==@&#8221; link_option_url_new_window=&#8221;on&#8221; hover_enabled=&#8221;0&#8243; custom_css_main_element=&#8221;align-items:center;&#8221; border_width_bottom=&#8221;10px&#8221; border_color_bottom=&#8221;#2F7C33&#8243; global_colors_info=&#8221;{}&#8221; admin_label=&#8221;Certificado de Inscripci\u00f3n a Ingresos Brutos, C\u00f3rdoba&#8221; sticky_enabled=&#8221;0&#8243;]<\/p>\n<p><img loading=\"lazy\" decoding=\"async\" class=\"wp-image-389 alignleft size-full\" src=\"https:\/\/verdol.com.ar\/2024\/wp-content\/uploads\/2024\/10\/icon_descarga-grande-e1727792712585.png\" alt=\"\" width=\"55\" height=\"55\" \/>Certificado de<br \/>Inscripci\u00f3n a Ingresos<br \/>Brutos, C\u00f3rdoba<\/p>\n<p>[\/et_pb_text][\/et_pb_column][et_pb_column type=&#8221;1_3&#8243; _builder_version=&#8221;4.27.0&#8243; _module_preset=&#8221;default&#8221; global_colors_info=&#8221;{}&#8221;][et_pb_text _builder_version=&#8221;4.27.2&#8243; _dynamic_attributes=&#8221;link_option_url&#8221; _module_preset=&#8221;default&#8221; text_font=&#8221;Montserrat|600|||||||&#8221; text_text_color=&#8221;#2F7C33&#8243; text_font_size=&#8221;20px&#8221; background_color=&#8221;#FFFFFF&#8221; min_height=&#8221;130px&#8221; height=&#8221;130px&#8221; max_height=&#8221;130px&#8221; custom_padding=&#8221;35px||20px|50px|false|false&#8221; link_option_url=&#8221;@ET-DC@eyJkeW5hbWljIjp0cnVlLCJjb250ZW50IjoicG9zdF9saW5rX3VybF9hdHRhY2htZW50Iiwic2V0dGluZ3MiOnsicG9zdF9pZCI6IjQ3MCJ9fQ==@&#8221; link_option_url_new_window=&#8221;on&#8221; hover_enabled=&#8221;0&#8243; custom_css_main_element=&#8221;align-items:center;&#8221; border_width_bottom=&#8221;10px&#8221; border_color_bottom=&#8221;#2F7C33&#8243; global_colors_info=&#8221;{}&#8221; admin_label=&#8221;Ingresos Brutos &#8211; Convenio Multilateral&#8221; sticky_enabled=&#8221;0&#8243;]<\/p>\n<p><img loading=\"lazy\" decoding=\"async\" class=\"wp-image-389 alignleft size-full\" src=\"https:\/\/verdol.com.ar\/2024\/wp-content\/uploads\/2024\/10\/icon_descarga-grande-e1727792712585.png\" alt=\"\" width=\"55\" height=\"55\" \/>Ingresos Brutos &#8211;<br \/>Convenio<br \/>Multilateral<\/p>\n<p>[\/et_pb_text][\/et_pb_column][\/et_pb_row][et_pb_row column_structure=&#8221;1_3,1_3,1_3&#8243; make_equal=&#8221;on&#8221; _builder_version=&#8221;4.27.0&#8243; _module_preset=&#8221;default&#8221; background_color=&#8221;#e1e1e1&#8243; z_index=&#8221;-500&#8243; width=&#8221;100%&#8221; custom_padding=&#8221;20px|50px|50px|50px|false|false&#8221; global_colors_info=&#8221;{}&#8221;][et_pb_column type=&#8221;1_3&#8243; _builder_version=&#8221;4.27.0&#8243; _module_preset=&#8221;default&#8221; global_colors_info=&#8221;{}&#8221;][et_pb_text _builder_version=&#8221;4.27.2&#8243; _dynamic_attributes=&#8221;link_option_url&#8221; _module_preset=&#8221;default&#8221; text_font=&#8221;Montserrat|600|||||||&#8221; text_text_color=&#8221;#2F7C33&#8243; text_font_size=&#8221;20px&#8221; background_color=&#8221;#FFFFFF&#8221; min_height=&#8221;130px&#8221; height=&#8221;130px&#8221; max_height=&#8221;130px&#8221; custom_padding=&#8221;35px||20px|50px|false|false&#8221; link_option_url=&#8221;@ET-DC@eyJkeW5hbWljIjp0cnVlLCJjb250ZW50IjoicG9zdF9saW5rX3VybF9hdHRhY2htZW50Iiwic2V0dGluZ3MiOnsicG9zdF9pZCI6IjQ2OSJ9fQ==@&#8221; link_option_url_new_window=&#8221;on&#8221; hover_enabled=&#8221;0&#8243; custom_css_main_element=&#8221;align-items:center;&#8221; border_width_bottom=&#8221;10px&#8221; border_color_bottom=&#8221;#2F7C33&#8243; global_colors_info=&#8221;{}&#8221; admin_label=&#8221;Pol\u00edtica de Calidad&#8221; sticky_enabled=&#8221;0&#8243;]<\/p>\n<p><img loading=\"lazy\" decoding=\"async\" class=\"wp-image-389 alignleft size-full\" src=\"https:\/\/verdol.com.ar\/2024\/wp-content\/uploads\/2024\/10\/icon_descarga-grande-e1727792712585.png\" alt=\"\" width=\"55\" height=\"55\" \/>Pol\u00edtica de<br \/>Calidad<\/p>\n<p>[\/et_pb_text][\/et_pb_column][et_pb_column type=&#8221;1_3&#8243; _builder_version=&#8221;4.27.0&#8243; _module_preset=&#8221;default&#8221; global_colors_info=&#8221;{}&#8221;][et_pb_text _builder_version=&#8221;4.27.2&#8243; _dynamic_attributes=&#8221;link_option_url&#8221; _module_preset=&#8221;default&#8221; text_font=&#8221;Montserrat|600|||||||&#8221; text_text_color=&#8221;#2F7C33&#8243; text_font_size=&#8221;20px&#8221; background_color=&#8221;#FFFFFF&#8221; min_height=&#8221;130px&#8221; height=&#8221;130px&#8221; max_height=&#8221;130px&#8221; custom_padding=&#8221;35px||20px|50px|false|false&#8221; link_option_url=&#8221;@ET-DC@eyJkeW5hbWljIjp0cnVlLCJjb250ZW50IjoicG9zdF9saW5rX3VybF9hdHRhY2htZW50Iiwic2V0dGluZ3MiOnsicG9zdF9pZCI6IjQ2OCJ9fQ==@&#8221; link_option_url_new_window=&#8221;on&#8221; hover_enabled=&#8221;0&#8243; custom_css_main_element=&#8221;align-items:center;&#8221; border_width_bottom=&#8221;10px&#8221; border_color_bottom=&#8221;#2F7C33&#8243; global_colors_info=&#8221;{}&#8221; admin_label=&#8221;Hoja de seguridad Carbonato&#8221; sticky_enabled=&#8221;0&#8243;]<\/p>\n<p><img loading=\"lazy\" decoding=\"async\" class=\"wp-image-389 alignleft size-full\" src=\"https:\/\/verdol.com.ar\/2024\/wp-content\/uploads\/2024\/10\/icon_descarga-grande-e1727792712585.png\" alt=\"\" width=\"55\" height=\"55\" \/>Hoja de<br \/>seguridad<br \/>Carbonato<\/p>\n<p>[\/et_pb_text][\/et_pb_column][et_pb_column type=&#8221;1_3&#8243; _builder_version=&#8221;4.27.0&#8243; _module_preset=&#8221;default&#8221; global_colors_info=&#8221;{}&#8221;][et_pb_text _builder_version=&#8221;4.27.2&#8243; _dynamic_attributes=&#8221;link_option_url&#8221; _module_preset=&#8221;default&#8221; text_font=&#8221;Montserrat|600|||||||&#8221; text_text_color=&#8221;#2F7C33&#8243; text_font_size=&#8221;20px&#8221; background_color=&#8221;#FFFFFF&#8221; min_height=&#8221;130px&#8221; height=&#8221;130px&#8221; max_height=&#8221;130px&#8221; custom_padding=&#8221;35px||20px|50px|false|false&#8221; link_option_url=&#8221;@ET-DC@eyJkeW5hbWljIjp0cnVlLCJjb250ZW50IjoicG9zdF9saW5rX3VybF9hdHRhY2htZW50Iiwic2V0dGluZ3MiOnsicG9zdF9pZCI6IjQ2NyJ9fQ==@&#8221; link_option_url_new_window=&#8221;on&#8221; hover_enabled=&#8221;0&#8243; custom_css_main_element=&#8221;align-items:center;&#8221; border_width_bottom=&#8221;10px&#8221; border_color_bottom=&#8221;#2F7C33&#8243; global_colors_info=&#8221;{}&#8221; admin_label=&#8221;Hoja de seguridad Carbonato de Calcio y Magnesio&#8221; sticky_enabled=&#8221;0&#8243;]<\/p>\n<p><img loading=\"lazy\" decoding=\"async\" class=\"wp-image-389 alignleft size-full\" src=\"https:\/\/verdol.com.ar\/2024\/wp-content\/uploads\/2024\/10\/icon_descarga-grande-e1727792712585.png\" alt=\"\" width=\"55\" height=\"55\" \/>Hoja de seguridad<br \/>Carbonato de<br \/>Calcio y Magnesio<\/p>\n<p>[\/et_pb_text][\/et_pb_column][\/et_pb_row][\/et_pb_section][et_pb_section fb_built=&#8221;1&#8243; _builder_version=&#8221;4.27.2&#8243; _module_preset=&#8221;default&#8221; custom_margin=&#8221;0px||||false|false&#8221; custom_padding=&#8221;0px||||false|false&#8221; global_colors_info=&#8221;{}&#8221;][et_pb_row _builder_version=&#8221;4.27.2&#8243; _module_preset=&#8221;default&#8221; use_background_color_gradient=&#8221;on&#8221; background_color_gradient_stops=&#8221;#e1e1e1 0%|#e1e1e1 40%|#ffffff 40%&#8221; custom_margin=&#8221;0px||||false|false&#8221; custom_padding=&#8221;0px||||false|false&#8221; background_last_edited=&#8221;on|phone&#8221; use_background_color_gradient_phone=&#8221;off&#8221; global_colors_info=&#8221;{}&#8221;][et_pb_column type=&#8221;4_4&#8243; _builder_version=&#8221;4.27.0&#8243; _module_preset=&#8221;default&#8221; global_colors_info=&#8221;{}&#8221;][et_pb_button button_url=&#8221;@ET-DC@eyJkeW5hbWljIjp0cnVlLCJjb250ZW50IjoicG9zdF9saW5rX3VybF9wYWdlIiwic2V0dGluZ3MiOnsicG9zdF9pZCI6IjQ1MSJ9fQ==@&#8221; button_text=&#8221;M\u00c1S DESCARGAS&#8221; button_alignment=&#8221;center&#8221; _builder_version=&#8221;4.27.2&#8243; _dynamic_attributes=&#8221;button_url&#8221; _module_preset=&#8221;default&#8221; custom_button=&#8221;on&#8221; button_text_color=&#8221;#FFFFFF&#8221; button_bg_color=&#8221;#2F7C33&#8243; button_border_radius=&#8221;60px&#8221; custom_padding=&#8221;10px|35px|10px|35px|false|false&#8221; hover_enabled=&#8221;0&#8243; global_colors_info=&#8221;{}&#8221; admin_label=&#8221;M\u00c1S DESCARGAS&#8221; sticky_enabled=&#8221;0&#8243;][\/et_pb_button][\/et_pb_column][\/et_pb_row][\/et_pb_section][et_pb_section fb_built=&#8221;1&#8243; disabled_on=&#8221;off|on|on&#8221; admin_label=&#8221;Footer movil FINAL&#8221; _builder_version=&#8221;4.27.2&#8243; _module_preset=&#8221;default&#8221; background_enable_color=&#8221;off&#8221; background_enable_image=&#8221;off&#8221; background_blend=&#8221;overlay&#8221; z_index=&#8221;500&#8243; min_height=&#8221;300px&#8221; min_height_tablet=&#8221;&#8221; min_height_phone=&#8221;&#8221; min_height_last_edited=&#8221;on|desktop&#8221; custom_margin=&#8221;||||false|false&#8221; custom_margin_phone=&#8221;||||false|false&#8221; custom_margin_last_edited=&#8221;off|desktop&#8221; custom_padding=&#8221;||||false|false&#8221; global_module=&#8221;963&#8243; global_colors_info=&#8221;{}&#8221;][et_pb_row use_custom_gutter=&#8221;on&#8221; make_equal=&#8221;on&#8221; custom_padding_last_edited=&#8221;off|desktop&#8221; _builder_version=&#8221;4.27.2&#8243; _module_preset=&#8221;default&#8221; background_color=&#8221;rgba(47,124,51,0.6)&#8221; background_image=&#8221;https:\/\/verdol.com.ar\/2024\/wp-content\/uploads\/2024\/09\/home_mineral.jpeg&#8221; background_blend=&#8221;overlay&#8221; width=&#8221;100%&#8221; max_width=&#8221;1440px&#8221; module_alignment=&#8221;center&#8221; min_height=&#8221;300px&#8221; height=&#8221;300px&#8221; max_height=&#8221;300px&#8221; custom_padding=&#8221;45px||45px||true|false&#8221; global_colors_info=&#8221;{}&#8221;][et_pb_column type=&#8221;4_4&#8243; _builder_version=&#8221;4.27.0&#8243; _module_preset=&#8221;default&#8221; global_colors_info=&#8221;{}&#8221;][et_pb_text _builder_version=&#8221;4.27.2&#8243; _module_preset=&#8221;default&#8221; header_2_font=&#8221;Montserrat|900||on|||||&#8221; header_2_text_align=&#8221;center&#8221; header_2_text_color=&#8221;#FFFFFF&#8221; header_2_font_size=&#8221;60px&#8221; hover_enabled=&#8221;0&#8243; header_2_font_size_tablet=&#8221;&#8221; header_2_font_size_phone=&#8221;40px&#8221; header_2_font_size_last_edited=&#8221;on|phone&#8221; global_colors_info=&#8221;{}&#8221; admin_label=&#8221;\u00bfTE INTERESAN NUESTROS PRODUCTOS?&#8221; sticky_enabled=&#8221;0&#8243;]<\/p>\n<div class=\"page\" title=\"Page 3\">\n<div class=\"section\">\n<div class=\"layoutArea\">\n<div class=\"column\">\n<h2>\u00bfTE INTERESAN NUESTROS PRODUCTOS?<\/h2>\n<\/div>\n<\/div>\n<\/div>\n<\/div>\n<p>[\/et_pb_text][et_pb_button button_url=&#8221;@ET-DC@eyJkeW5hbWljIjp0cnVlLCJjb250ZW50IjoicG9zdF9saW5rX3VybF9wYWdlIiwic2V0dGluZ3MiOnsicG9zdF9pZCI6IjIxIn19@&#8221; button_text=&#8221;CONTACTANOS&#8221; button_alignment=&#8221;center&#8221; _builder_version=&#8221;4.27.2&#8243; _dynamic_attributes=&#8221;button_url&#8221; _module_preset=&#8221;default&#8221; custom_button=&#8221;on&#8221; button_text_color=&#8221;#FFFFFF&#8221; button_bg_color=&#8221;#2F7C33&#8243; button_border_width=&#8221;0px&#8221; button_border_radius=&#8221;45px&#8221; button_font=&#8221;Montserrat|||on|||||&#8221; hover_enabled=&#8221;0&#8243; global_colors_info=&#8221;{}&#8221; admin_label=&#8221;CONTACTANOS&#8221; sticky_enabled=&#8221;0&#8243;][\/et_pb_button][\/et_pb_column][\/et_pb_row][et_pb_row _builder_version=&#8221;4.27.2&#8243; _module_preset=&#8221;default&#8221; background_color=&#8221;#444444&#8243; width=&#8221;100%&#8221; module_alignment=&#8221;center&#8221; custom_margin=&#8221;||||false|false&#8221; custom_padding=&#8221;|15px||15px|false|false&#8221; custom_css_main_element=&#8221;align-items:center;&#8221; global_colors_info=&#8221;{}&#8221;][et_pb_column type=&#8221;4_4&#8243; _builder_version=&#8221;4.27.2&#8243; _module_preset=&#8221;default&#8221; global_colors_info=&#8221;{}&#8221;][et_pb_image src=&#8221;https:\/\/verdol.com.ar\/2024\/wp-content\/uploads\/2024\/10\/Logo-Blanco@2x.png&#8221; title_text=&#8221;Logo Blanco@2x&#8221; align=&#8221;center&#8221; _builder_version=&#8221;4.27.2&#8243; _module_preset=&#8221;default&#8221; hover_enabled=&#8221;0&#8243; global_colors_info=&#8221;{}&#8221; admin_label=&#8221;Logo Verdol&#8221; sticky_enabled=&#8221;0&#8243;][\/et_pb_image][et_pb_blurb image=&#8221;https:\/\/verdol.com.ar\/2024\/wp-content\/uploads\/2024\/09\/footer_icon-phone.png&#8221; icon_placement=&#8221;left&#8221; _builder_version=&#8221;4.27.2&#8243; _module_preset=&#8221;default&#8221; header_font=&#8221;Montserrat|700|||||||&#8221; header_text_align=&#8221;left&#8221; header_text_color=&#8221;#FFFFFF&#8221; header_font_size=&#8221;18px&#8221; body_font=&#8221;Montserrat|700|||||||&#8221; body_text_color=&#8221;#FFFFFF&#8221; body_font_size=&#8221;28px&#8221; image_icon_custom_margin=&#8221;-5px||||false|false&#8221; image_icon_custom_padding=&#8221;||||false|false&#8221; background_layout=&#8221;dark&#8221; custom_margin=&#8221;40px|40px|20px|40px|false|false&#8221; custom_padding=&#8221;||||false|false&#8221; hover_enabled=&#8221;0&#8243; global_colors_info=&#8221;{}&#8221; admin_label=&#8221;03547 423108 &#8211; 03547 422018&#8243; sticky_enabled=&#8221;0&#8243;]<\/p>\n<p>03547 <strong>423108<\/strong><br \/>03547 <strong>422018<\/strong><\/p>\n<p>[\/et_pb_blurb][et_pb_blurb image=&#8221;https:\/\/verdol.com.ar\/2024\/wp-content\/uploads\/2024\/09\/footer_icon-location.png&#8221; icon_placement=&#8221;left&#8221; _builder_version=&#8221;4.27.2&#8243; _module_preset=&#8221;default&#8221; header_font=&#8221;Montserrat|700|||||||&#8221; header_text_align=&#8221;left&#8221; header_text_color=&#8221;#FFFFFF&#8221; header_font_size=&#8221;18px&#8221; body_font=&#8221;Montserrat|700|||||||&#8221; body_text_color=&#8221;#FFFFFF&#8221; body_font_size=&#8221;28px&#8221; image_icon_custom_margin=&#8221;-5px||||false|false&#8221; image_icon_custom_padding=&#8221;||||false|false&#8221; custom_margin=&#8221;40px|40px|20px|40px|false|false&#8221; custom_padding=&#8221;||||false|false&#8221; hover_enabled=&#8221;0&#8243; global_colors_info=&#8221;{}&#8221; admin_label=&#8221;C\u00f3rdoba ARGENTINA&#8221; sticky_enabled=&#8221;0&#8243;]<\/p>\n<p>C\u00f3rdoba<br \/>ARGENTINA<\/p>\n<p>[\/et_pb_blurb][et_pb_text _builder_version=&#8221;4.27.2&#8243; _module_preset=&#8221;default&#8221; text_font=&#8221;Montserrat|600|||||||&#8221; text_text_color=&#8221;#D6D6D6&#8243; text_font_size=&#8221;16px&#8221; text_orientation=&#8221;center&#8221; hover_enabled=&#8221;0&#8243; global_colors_info=&#8221;{}&#8221; admin_label=&#8221;\u00a9 Copyright 2024 &#8211; \u00a0Verdol S.A.&#8221; sticky_enabled=&#8221;0&#8243;]<\/p>\n<div class=\"page\" title=\"Page 1\">\n<div class=\"section\">\n<div class=\"layoutArea\">\n<div class=\"column\">\n<p>\u00a9 Copyright 2024 &#8211; \u00a0Verdol S.A.<\/p>\n<\/div>\n<\/div>\n<\/div>\n<\/div>\n<p>[\/et_pb_text][et_pb_image src=&#8221;https:\/\/verdol.com.ar\/2024\/wp-content\/uploads\/2024\/09\/LOGO-ISO-200-1.png&#8221; title_text=&#8221;LOGO ISO-200&#8243; align=&#8221;center&#8221; _builder_version=&#8221;4.27.2&#8243; _module_preset=&#8221;default&#8221; hover_enabled=&#8221;0&#8243; global_colors_info=&#8221;{}&#8221; admin_label=&#8221;Logo ISO&#8221; sticky_enabled=&#8221;0&#8243;][\/et_pb_image][\/et_pb_column][\/et_pb_row][\/et_pb_section]<\/p>\n","protected":false},"excerpt":{"rendered":"<p>Constanciade Inscripci\u00f3nAFIP (CUIT)Certificado deInscripci\u00f3n a IngresosBrutos, C\u00f3rdobaIngresos Brutos -ConvenioMultilateralPol\u00edtica deCalidadHoja deseguridadCarbonatoHoja de seguridadCarbonato deCalcio y Magnesio \u00bfTE INTERESAN NUESTROS PRODUCTOS? 03547 42310803547 422018C\u00f3rdobaARGENTINA \u00a9 Copyright 2024 &#8211; \u00a0Verdol S.A.<\/p>\n","protected":false},"author":1,"featured_media":0,"parent":0,"menu_order":0,"comment_status":"closed","ping_status":"closed","template":"","meta":{"_et_pb_use_builder":"on","_et_pb_old_content":"","_et_gb_content_width":"","footnotes":""},"class_list":["post-19","page","type-page","status-publish","hentry"],"_links":{"self":[{"href":"https:\/\/verdol.com.ar\/2024\/wp-json\/wp\/v2\/pages\/19","targetHints":{"allow":["GET"]}}],"collection":[{"href":"https:\/\/verdol.com.ar\/2024\/wp-json\/wp\/v2\/pages"}],"about":[{"href":"https:\/\/verdol.com.ar\/2024\/wp-json\/wp\/v2\/types\/page"}],"author":[{"embeddable":true,"href":"https:\/\/verdol.com.ar\/2024\/wp-json\/wp\/v2\/users\/1"}],"replies":[{"embeddable":true,"href":"https:\/\/verdol.com.ar\/2024\/wp-json\/wp\/v2\/comments?post=19"}],"version-history":[{"count":0,"href":"https:\/\/verdol.com.ar\/2024\/wp-json\/wp\/v2\/pages\/19\/revisions"}],"wp:attachment":[{"href":"https:\/\/verdol.com.ar\/2024\/wp-json\/wp\/v2\/media?parent=19"}],"curies":[{"name":"wp","href":"https:\/\/api.w.org\/{rel}","templated":true}]}}