{"id":13,"date":"2024-09-24T21:45:30","date_gmt":"2024-09-24T21:45:30","guid":{"rendered":"https:\/\/verdol.com.ar\/2024\/?page_id=13"},"modified":"2024-10-14T17:17:00","modified_gmt":"2024-10-14T20:17:00","slug":"empresa","status":"publish","type":"page","link":"https:\/\/verdol.com.ar\/2024\/empresa\/","title":{"rendered":"Empresa"},"content":{"rendered":"<p>[et_pb_section fb_built=&#8221;1&#8243; _builder_version=&#8221;4.27.0&#8243; _module_preset=&#8221;default&#8221; background_enable_image=&#8221;off&#8221; z_index=&#8221;500&#8243; custom_margin=&#8221;-330px||||false|false&#8221; custom_padding=&#8221;330px||||false|false&#8221; global_colors_info=&#8221;{}&#8221;][et_pb_row column_structure=&#8221;1_2,1_2&#8243; disabled_on=&#8221;on|on|on&#8221; _builder_version=&#8221;4.27.0&#8243; _module_preset=&#8221;default&#8221; disabled=&#8221;on&#8221; global_colors_info=&#8221;{}&#8221;][et_pb_column type=&#8221;1_2&#8243; _builder_version=&#8221;4.27.0&#8243; _module_preset=&#8221;default&#8221; global_colors_info=&#8221;{}&#8221;][et_pb_text _builder_version=&#8221;4.27.0&#8243; _module_preset=&#8221;default&#8221; text_font=&#8221;Montserrat||||||||&#8221; text_font_size=&#8221;16px&#8221; header_3_font=&#8221;Montserrat|500||on|||||&#8221; header_3_text_color=&#8221;#2F7C33&#8243; global_colors_info=&#8221;{}&#8221;]<\/p>\n<h3>MISIO\u0301N<\/h3>\n<p>Nuestra empresa toma el compromiso de trabajo, superacio\u0301n y responsabilidad; que au\u0301n en nuestros di\u0301as mantenemos como columna vertebral de nuestros valores, permitie\u0301ndonos ofrecer al cliente un producto con los mas altos esta\u0301ndares en materia de calidad contando con equipos de control, logrando obtener productos altamente homoge\u0301neos en sus caracteri\u0301sticas fi\u0301sicas y qui\u0301micas.[\/et_pb_text][\/et_pb_column][et_pb_column type=&#8221;1_2&#8243; _builder_version=&#8221;4.27.0&#8243; _module_preset=&#8221;default&#8221; global_colors_info=&#8221;{}&#8221;][et_pb_text _builder_version=&#8221;4.27.0&#8243; _module_preset=&#8221;default&#8221; text_font=&#8221;Montserrat||||||||&#8221; text_font_size=&#8221;16px&#8221; header_3_font=&#8221;Montserrat|500||on|||||&#8221; header_3_text_color=&#8221;#2F7C33&#8243; global_colors_info=&#8221;{}&#8221;]<\/p>\n<h3>VISI\u00d3N<\/h3>\n<p>El procesamiento de la materia prima en bruto comienza con la introduccio\u0301n de e\u0301sta en la planta de molienda y micronizado de u\u0301ltima generacio\u0301n, obteniendo como resultado una amplia gama de diversos productos de acuerdo a su granulometri\u0301a y caracteri\u0301sticas qui\u0301micas, que a su vez pueden ingresar a la planta de coating, donde se elabora por medio de tratamientos qui\u0301micos nuestra li\u0301nea de productos MICROTRAT.<\/p>\n<p>[\/et_pb_text][\/et_pb_column][\/et_pb_row][\/et_pb_section][et_pb_section fb_built=&#8221;1&#8243; fullwidth=&#8221;on&#8221; disabled_on=&#8221;off|on|on&#8221; admin_label=&#8221;Header Movil en pagina&#8221; _builder_version=&#8221;4.27.2&#8243; _module_preset=&#8221;default&#8221; z_index=&#8221;303&#8243; global_colors_info=&#8221;{}&#8221;][et_pb_fullwidth_header title=&#8221;EMPRESA&#8221; text_orientation=&#8221;center&#8221; disabled_on=&#8221;off|on|on&#8221; _builder_version=&#8221;4.27.2&#8243; _module_preset=&#8221;default&#8221; title_font=&#8221;Montserrat|800|||||||&#8221; title_text_align=&#8221;center&#8221; title_font_size=&#8221;40px&#8221; title_line_height=&#8221;1.7em&#8221; content_font=&#8221;Montserrat|800|||||||&#8221; content_text_align=&#8221;center&#8221; content_font_size=&#8221;60px&#8221; subhead_font=&#8221;Montserrat|800|||||||&#8221; subhead_text_align=&#8221;center&#8221; subhead_font_size=&#8221;60px&#8221; background_color=&#8221;rgba(0,0,0,0.3)&#8221; background_image=&#8221;https:\/\/verdol.com.ar\/2024\/wp-content\/uploads\/2024\/09\/empresa_header_bg.jpg&#8221; background_blend=&#8221;overlay&#8221; custom_button_one=&#8221;on&#8221; button_one_text_color=&#8221;#FFFFFF&#8221; button_one_bg_color=&#8221;#2F7C33&#8243; button_one_border_width=&#8221;0px&#8221; button_one_border_radius=&#8221;45px&#8221; button_one_font=&#8221;Montserrat|700|||||||&#8221; button_one_use_icon=&#8221;off&#8221; button_one_custom_margin=&#8221;210px||||false|false&#8221; button_one_custom_padding=&#8221;10px|50px|10px|50px|true|true&#8221; module_alignment=&#8221;center&#8221; custom_margin=&#8221;||||false|false&#8221; custom_padding=&#8221;||||false|false&#8221; global_colors_info=&#8221;{}&#8221;][\/et_pb_fullwidth_header][\/et_pb_section][et_pb_section fb_built=&#8221;1&#8243; disabled_on=&#8221;off|on|on&#8221; _builder_version=&#8221;4.27.2&#8243; _module_preset=&#8221;default&#8221; hover_enabled=&#8221;0&#8243; global_colors_info=&#8221;{}&#8221; sticky_enabled=&#8221;0&#8243;][et_pb_row _builder_version=&#8221;4.27.2&#8243; _module_preset=&#8221;default&#8221; hover_enabled=&#8221;0&#8243; global_colors_info=&#8221;{}&#8221; width=&#8221;100%&#8221; sticky_enabled=&#8221;0&#8243;][et_pb_column type=&#8221;4_4&#8243; _builder_version=&#8221;4.27.2&#8243; _module_preset=&#8221;default&#8221; hover_enabled=&#8221;0&#8243; global_colors_info=&#8221;{}&#8221; sticky_enabled=&#8221;0&#8243;][et_pb_text _builder_version=&#8221;4.27.2&#8243; _module_preset=&#8221;default&#8221; hover_enabled=&#8221;0&#8243; global_colors_info=&#8221;{}&#8221; custom_padding=&#8221;|10px||10px|false|true&#8221; sticky_enabled=&#8221;0&#8243;]<\/p>\n<p>A comienzos del a\u00f1o 1968 nace VERDOL S.A. en las Sierras de C\u00f3rdoba, dedic\u00e1ndose exclusivamente a la explotaci\u00f3n de canteras de minerales. En 1985 los logros alcanzados en el \u00e1rea de la miner\u00eda como actividad primaria, nos impulsa a crear lo que es hoy nuestra planta de molienda y micronizado de carbonato de calcio.<\/p>\n<p>Actualmente VERDOL S.A. con sus 5000 metros cuadrados cubiertos de planta siendo la empresa l\u00edder en calidad y vol\u00famenes de venta de carbonato de calcio en la Rep\u00fablica Argentina, contando con una capacidad productiva de 450 toneladas diarias. La empresa cuenta con molinos de \u00faltima generaci\u00f3n con tecnolog\u00eda internacional que permiten micronizar minerales de carbonato de calcio, dolomitas, calcitas y talcos a altas finuras, junto con una planta de coating para la elaboraci\u00f3n de carbonatos tratados con propiedades muy favorables para la fabricaci\u00f3n de pl\u00e1sticos.<\/p>\n<p>VERDOL S.A. cuenta con canteras propias de Carbonato de Calcio como as\u00ed tambi\u00e9n de Dolomitas. Proporcionando un stock propio de la materia prima y su homogeneidad del producto final.<br \/>Desde el a\u00f1o 2000, VERDOL S.A. tiene certificado su sistema de gesti\u00f3n de molienda y comercializaci\u00f3n de minerales bajo normas ISO 9001:2015, lo que contribuye a la exportaci\u00f3n de nuestros productos a todo el MERCOSUR<\/p>\n<p>[\/et_pb_text][et_pb_image src=&#8221;https:\/\/verdol.com.ar\/2024\/wp-content\/uploads\/2024\/09\/home_empresa.png&#8221; title_text=&#8221;home_empresa&#8221; _builder_version=&#8221;4.27.2&#8243; _module_preset=&#8221;default&#8221; hover_enabled=&#8221;0&#8243; global_colors_info=&#8221;{}&#8221; force_fullwidth=&#8221;on&#8221; sticky_enabled=&#8221;0&#8243;][\/et_pb_image][et_pb_text _builder_version=&#8221;4.27.2&#8243; _module_preset=&#8221;default&#8221; header_3_font=&#8221;Montserrat|600|||||||&#8221; header_3_text_align=&#8221;center&#8221; header_3_text_color=&#8221;#2F7C33&#8243; hover_enabled=&#8221;0&#8243; global_colors_info=&#8221;{}&#8221; custom_padding=&#8221;|10px||10px|false|true&#8221; sticky_enabled=&#8221;0&#8243;]<\/p>\n<h3><strong>MISI\u00d3N<\/strong><\/h3>\n<p>Nuestra empresa toma el compromiso de trabajo, superaci\u00f3n y responsabilidad; que a\u00fan en nuestros d\u00edas mantenemos como columna vertebral de nuestros valores, permiti\u00e9ndonos ofrecer al cliente un producto con los mas altos est\u00e1ndares en materia de calidad contando con equipos de control, logrando obtener productos altamente homog\u00e9neos en sus caracter\u00edsticas f\u00edsicas y qu\u00edmicas.<\/p>\n<h3><strong>VISI\u00d3N<\/strong><\/h3>\n<p>El procesamiento de la materia prima en bruto comienza con la introducci\u00f3n de \u00e9sta en la planta de molienda y micronizado de \u00faltima generaci\u00f3n, obteniendo como resultado una amplia gama de diversos productos de acuerdo a su granulometr\u00eda y caracter\u00edsticas qu\u00edmicas, que a su vez pueden ingresar a la planta de coating, donde se elabora por medio de tratamientos qu\u00edmicos nuestra l\u00ednea de productos MICROTRAT.[\/et_pb_text][\/et_pb_column][\/et_pb_row][\/et_pb_section][et_pb_section fb_built=&#8221;1&#8243; disabled_on=&#8221;off|on|on&#8221; admin_label=&#8221;Footer movil FINAL&#8221; _builder_version=&#8221;4.27.2&#8243; _module_preset=&#8221;default&#8221; background_enable_color=&#8221;off&#8221; background_enable_image=&#8221;off&#8221; background_blend=&#8221;overlay&#8221; z_index=&#8221;500&#8243; min_height=&#8221;300px&#8221; min_height_tablet=&#8221;&#8221; min_height_phone=&#8221;&#8221; min_height_last_edited=&#8221;on|desktop&#8221; custom_margin=&#8221;||||false|false&#8221; custom_margin_tablet=&#8221;&#8221; custom_margin_phone=&#8221;||||false|false&#8221; custom_margin_last_edited=&#8221;on|desktop&#8221; custom_padding=&#8221;||||false|false&#8221; global_module=&#8221;963&#8243; global_colors_info=&#8221;{}&#8221;][et_pb_row use_custom_gutter=&#8221;on&#8221; make_equal=&#8221;on&#8221; custom_padding_last_edited=&#8221;off|desktop&#8221; _builder_version=&#8221;4.27.2&#8243; _module_preset=&#8221;default&#8221; background_color=&#8221;rgba(47,124,51,0.6)&#8221; background_image=&#8221;https:\/\/verdol.com.ar\/2024\/wp-content\/uploads\/2024\/09\/home_mineral.jpeg&#8221; background_blend=&#8221;overlay&#8221; width=&#8221;100%&#8221; max_width=&#8221;1440px&#8221; module_alignment=&#8221;center&#8221; min_height=&#8221;300px&#8221; height=&#8221;300px&#8221; max_height=&#8221;300px&#8221; custom_padding=&#8221;45px||45px||true|false&#8221; global_colors_info=&#8221;{}&#8221;][et_pb_column type=&#8221;4_4&#8243; _builder_version=&#8221;4.27.0&#8243; _module_preset=&#8221;default&#8221; global_colors_info=&#8221;{}&#8221;][et_pb_text _builder_version=&#8221;4.27.2&#8243; _module_preset=&#8221;default&#8221; header_2_font=&#8221;Montserrat|900||on|||||&#8221; header_2_text_align=&#8221;center&#8221; header_2_text_color=&#8221;#FFFFFF&#8221; header_2_font_size=&#8221;60px&#8221; header_2_font_size_tablet=&#8221;&#8221; header_2_font_size_phone=&#8221;40px&#8221; header_2_font_size_last_edited=&#8221;on|phone&#8221; global_colors_info=&#8221;{}&#8221;]<\/p>\n<div class=\"page\" title=\"Page 3\">\n<div class=\"section\">\n<div class=\"layoutArea\">\n<div class=\"column\">\n<h2>\u00bfTE INTERESAN NUESTROS PRODUCTOS?<\/h2>\n<\/div>\n<\/div>\n<\/div>\n<\/div>\n<p>[\/et_pb_text][et_pb_button button_url=&#8221;@ET-DC@eyJkeW5hbWljIjp0cnVlLCJjb250ZW50IjoicG9zdF9saW5rX3VybF9wYWdlIiwic2V0dGluZ3MiOnsicG9zdF9pZCI6IjIxIn19@&#8221; button_text=&#8221;CONTACTANOS&#8221; button_alignment=&#8221;center&#8221; _builder_version=&#8221;4.27.2&#8243; _dynamic_attributes=&#8221;button_url&#8221; _module_preset=&#8221;default&#8221; custom_button=&#8221;on&#8221; button_text_color=&#8221;#FFFFFF&#8221; button_bg_color=&#8221;#2F7C33&#8243; button_border_width=&#8221;0px&#8221; button_border_radius=&#8221;45px&#8221; button_font=&#8221;Montserrat|||on|||||&#8221; global_colors_info=&#8221;{}&#8221;][\/et_pb_button][\/et_pb_column][\/et_pb_row][et_pb_row _builder_version=&#8221;4.27.2&#8243; _module_preset=&#8221;default&#8221; background_color=&#8221;#444444&#8243; width=&#8221;100%&#8221; module_alignment=&#8221;center&#8221; custom_margin=&#8221;||||false|false&#8221; custom_padding=&#8221;|15px||15px|false|false&#8221; custom_css_main_element=&#8221;align-items:center;&#8221; global_colors_info=&#8221;{}&#8221;][et_pb_column type=&#8221;4_4&#8243; _builder_version=&#8221;4.27.2&#8243; _module_preset=&#8221;default&#8221; global_colors_info=&#8221;{}&#8221;][et_pb_blurb image=&#8221;https:\/\/verdol.com.ar\/2024\/wp-content\/uploads\/2024\/09\/footer_icon-phone.png&#8221; icon_placement=&#8221;left&#8221; _builder_version=&#8221;4.27.2&#8243; _module_preset=&#8221;default&#8221; header_font=&#8221;Montserrat|700|||||||&#8221; header_text_align=&#8221;left&#8221; header_text_color=&#8221;#FFFFFF&#8221; header_font_size=&#8221;18px&#8221; body_font=&#8221;Montserrat|700|||||||&#8221; body_text_color=&#8221;#FFFFFF&#8221; body_font_size=&#8221;28px&#8221; image_icon_custom_margin=&#8221;-5px||||false|false&#8221; image_icon_custom_padding=&#8221;||||false|false&#8221; background_layout=&#8221;dark&#8221; custom_margin=&#8221;40px|40px|20px|40px|false|false&#8221; custom_padding=&#8221;||||false|false&#8221; global_colors_info=&#8221;{}&#8221;]<\/p>\n<p>03547 <strong>423108<\/strong><br \/>03547 <strong>422018<\/strong><\/p>\n<p>[\/et_pb_blurb][et_pb_blurb image=&#8221;https:\/\/verdol.com.ar\/2024\/wp-content\/uploads\/2024\/09\/footer_icon-location.png&#8221; icon_placement=&#8221;left&#8221; _builder_version=&#8221;4.27.2&#8243; _module_preset=&#8221;default&#8221; header_font=&#8221;Montserrat|700|||||||&#8221; header_text_align=&#8221;left&#8221; header_text_color=&#8221;#FFFFFF&#8221; header_font_size=&#8221;18px&#8221; body_font=&#8221;Montserrat|700|||||||&#8221; body_text_color=&#8221;#FFFFFF&#8221; body_font_size=&#8221;28px&#8221; image_icon_custom_margin=&#8221;-5px||||false|false&#8221; image_icon_custom_padding=&#8221;||||false|false&#8221; custom_margin=&#8221;40px|40px|20px|40px|false|false&#8221; custom_padding=&#8221;||||false|false&#8221; global_colors_info=&#8221;{}&#8221;]<\/p>\n<p>C\u00f3rdoba<br \/>ARGENTINA<\/p>\n<p>[\/et_pb_blurb][et_pb_text _builder_version=&#8221;4.27.0&#8243; _module_preset=&#8221;default&#8221; text_font=&#8221;Montserrat|600|||||||&#8221; text_text_color=&#8221;#D6D6D6&#8243; text_font_size=&#8221;16px&#8221; text_orientation=&#8221;center&#8221; global_colors_info=&#8221;{}&#8221;]<\/p>\n<div class=\"page\" title=\"Page 1\">\n<div class=\"section\">\n<div class=\"layoutArea\">\n<div class=\"column\">\n<p>\u00a9 Copyright 2024 &#8211; \u00a0Verdol s.a.<\/p>\n<\/div>\n<\/div>\n<\/div>\n<\/div>\n<p>[\/et_pb_text][\/et_pb_column][\/et_pb_row][\/et_pb_section]<\/p>\n","protected":false},"excerpt":{"rendered":"<p>MISIO\u0301N Nuestra empresa toma el compromiso de trabajo, superacio\u0301n y responsabilidad; que au\u0301n en nuestros di\u0301as mantenemos como columna vertebral de nuestros valores, permitie\u0301ndonos ofrecer al cliente un producto con los mas altos esta\u0301ndares en materia de calidad contando con equipos de control, logrando obtener productos altamente homoge\u0301neos en sus caracteri\u0301sticas fi\u0301sicas y qui\u0301micas.VISI\u00d3N El [&hellip;]<\/p>\n","protected":false},"author":1,"featured_media":0,"parent":0,"menu_order":0,"comment_status":"closed","ping_status":"closed","template":"","meta":{"_et_pb_use_builder":"on","_et_pb_old_content":"","_et_gb_content_width":"","footnotes":""},"class_list":["post-13","page","type-page","status-publish","hentry"],"_links":{"self":[{"href":"https:\/\/verdol.com.ar\/2024\/wp-json\/wp\/v2\/pages\/13","targetHints":{"allow":["GET"]}}],"collection":[{"href":"https:\/\/verdol.com.ar\/2024\/wp-json\/wp\/v2\/pages"}],"about":[{"href":"https:\/\/verdol.com.ar\/2024\/wp-json\/wp\/v2\/types\/page"}],"author":[{"embeddable":true,"href":"https:\/\/verdol.com.ar\/2024\/wp-json\/wp\/v2\/users\/1"}],"replies":[{"embeddable":true,"href":"https:\/\/verdol.com.ar\/2024\/wp-json\/wp\/v2\/comments?post=13"}],"version-history":[{"count":0,"href":"https:\/\/verdol.com.ar\/2024\/wp-json\/wp\/v2\/pages\/13\/revisions"}],"wp:attachment":[{"href":"https:\/\/verdol.com.ar\/2024\/wp-json\/wp\/v2\/media?parent=13"}],"curies":[{"name":"wp","href":"https:\/\/api.w.org\/{rel}","templated":true}]}}